{"id":197,"date":"2025-01-25T10:29:35","date_gmt":"2025-01-25T10:29:35","guid":{"rendered":"https:\/\/pr.jeker.eu\/?page_id=197"},"modified":"2025-01-25T11:17:42","modified_gmt":"2025-01-25T11:17:42","slug":"mail-bestaetigung-paella-royal-bern-paella-fuer-sie","status":"publish","type":"page","link":"https:\/\/pr.jeker.eu\/index.php\/mail-bestaetigung-paella-royal-bern-paella-fuer-sie\/","title":{"rendered":"Mail Best\u00e4tigung &#8211; Paella Royal Bern &#8211; Paella f\u00fcr Sie"},"content":{"rendered":"<p>[et_pb_section fb_built=&#8220;1&#8243; _builder_version=&#8220;4.27.4&#8243; _module_preset=&#8220;default&#8220; custom_padding=&#8220;13px|||||&#8220; global_colors_info=&#8220;{}&#8220;][et_pb_row _builder_version=&#8220;4.27.4&#8243; _module_preset=&#8220;default&#8220; global_colors_info=&#8220;{}&#8220;][et_pb_column type=&#8220;4_4&#8243; _builder_version=&#8220;4.27.4&#8243; _module_preset=&#8220;default&#8220; global_colors_info=&#8220;{}&#8220;][et_pb_image src=&#8220;https:\/\/pr.jeker.eu\/wp-content\/uploads\/2025\/01\/Paella_Royal_Logo.png&#8220; title_text=&#8220;Paella_Royal_Logo&#8220; align=&#8220;center&#8220; _builder_version=&#8220;4.27.4&#8243; _module_preset=&#8220;default&#8220; width=&#8220;8%&#8220; max_width=&#8220;100%&#8220; global_colors_info=&#8220;{}&#8220;][\/et_pb_image][et_pb_text _builder_version=&#8220;4.27.4&#8243; _module_preset=&#8220;default&#8220; global_colors_info=&#8220;{}&#8220;]<\/p>\n<h1 style=\"text-align: center;\">Pa\u00eblla Royal<\/h1>\n<p style=\"text-align: center;\">Pa\u00eblla f\u00fcr Sie &#8211; vor Ort zubereitet&#8230;<\/p>\n<p>[\/et_pb_text][et_pb_text _builder_version=&#8220;4.27.4&#8243; _module_preset=&#8220;default&#8220; global_colors_info=&#8220;{}&#8220;]<\/p>\n<h1 style=\"text-align: center;\">Mail Best\u00e4tigung<\/h1>\n<p style=\"text-align: center;\">herzlichen Dank f\u00fcr Interesse &#8211; ich werde mich zeitnah bei Ihnen melden.<\/p>\n<p style=\"text-align: center;\">mit freundlichem Gruss<\/p>\n<p style=\"text-align: center;\">paella royal<br \/>Christoph<\/p>\n<p>[\/et_pb_text][et_pb_code _builder_version=&#8220;4.27.4&#8243; _module_preset=&#8220;default&#8220; text_orientation=&#8220;center&#8220; global_colors_info=&#8220;{}&#8220;]\t\t<meta http-equiv=\"refresh\" content=\"5; url=http:\/\/pr.jeker.eu\">\r\n\t\tPlease wait while you are redirected...or <a href=\"http:\/\/pr.jeker.eu\">Click Here<\/a> if you do not want to wait.\r\n[\/et_pb_code][\/et_pb_column][\/et_pb_row][\/et_pb_section]<\/p>\n","protected":false},"excerpt":{"rendered":"<p>Pa\u00eblla Royal Pa\u00eblla f\u00fcr Sie &#8211; vor Ort zubereitet&#8230;Mail Best\u00e4tigung herzlichen Dank f\u00fcr Interesse &#8211; ich werde mich zeitnah bei Ihnen melden. mit freundlichem Gruss paella royalChristoph\t\t<meta http-equiv=\"refresh\" content=\"5; url=http:\/\/pr.jeker.eu\">\r\n\t\tPlease wait while you are redirected...or <a href=\"http:\/\/pr.jeker.eu\">Click Here<\/a> if you do not want to wait.\r\n<\/p>\n","protected":false},"author":1,"featured_media":0,"parent":0,"menu_order":0,"comment_status":"closed","ping_status":"closed","template":"","meta":{"_et_pb_use_builder":"on","_et_pb_old_content":"","_et_gb_content_width":"","footnotes":""},"class_list":["post-197","page","type-page","status-publish","hentry"],"aioseo_notices":[],"_links":{"self":[{"href":"https:\/\/pr.jeker.eu\/index.php\/wp-json\/wp\/v2\/pages\/197","targetHints":{"allow":["GET"]}}],"collection":[{"href":"https:\/\/pr.jeker.eu\/index.php\/wp-json\/wp\/v2\/pages"}],"about":[{"href":"https:\/\/pr.jeker.eu\/index.php\/wp-json\/wp\/v2\/types\/page"}],"author":[{"embeddable":true,"href":"https:\/\/pr.jeker.eu\/index.php\/wp-json\/wp\/v2\/users\/1"}],"replies":[{"embeddable":true,"href":"https:\/\/pr.jeker.eu\/index.php\/wp-json\/wp\/v2\/comments?post=197"}],"version-history":[{"count":10,"href":"https:\/\/pr.jeker.eu\/index.php\/wp-json\/wp\/v2\/pages\/197\/revisions"}],"predecessor-version":[{"id":214,"href":"https:\/\/pr.jeker.eu\/index.php\/wp-json\/wp\/v2\/pages\/197\/revisions\/214"}],"wp:attachment":[{"href":"https:\/\/pr.jeker.eu\/index.php\/wp-json\/wp\/v2\/media?parent=197"}],"curies":[{"name":"wp","href":"https:\/\/api.w.org\/{rel}","templated":true}]}}